{"id":6,"date":"2014-01-12T12:28:22","date_gmt":"2014-01-12T12:28:22","guid":{"rendered":"http:\/\/www.satcomp.fi\/?page_id=6"},"modified":"2020-01-05T10:33:48","modified_gmt":"2020-01-05T10:33:48","slug":"yritys","status":"publish","type":"page","link":"http:\/\/www.satcomp.fi\/?page_id=6","title":{"rendered":"Yritys"},"content":{"rendered":"<p align=\"left\"><span style=\"font-size: medium;\">Kahdeksankymment\u00e4luvun lopusta muiden palveluksessa alalla ty\u00f6skennelty\u00e4mme tarjoutui tilaisuus ostaa asennustoiminta silloiselta\u00a0 ty\u00f6nantajalta omiin nimiin kev\u00e4\u00e4ll\u00e4 2003. <\/span><\/p>\n<p align=\"left\">Hetken mietiskelyn j\u00e4lkeen syntyi SatComp.<\/p>\n<p align=\"left\">Perusideamme on tarjota nopeaa palvelua yksityis- taloyhti\u00f6- ja yritysasiakkaille. Pakettiautossa mukana kulkevan varaston ansiosta voimme korjata 95% vioista ensimm\u00e4isell\u00e4 k\u00e4ynnill\u00e4! Suosimme p\u00e4\u00e4kaupunkiseudulla toimivia, hyvin varustettuja erikoistukkliikkeit\u00e4, jolloin my\u00f6s erikoistuotteet voidaan noutaa ja asentaa jopa saman p\u00e4iv\u00e4n aikana.<\/p>\n<p align=\"left\">\n","protected":false},"excerpt":{"rendered":"<p>Kahdeksankymment\u00e4luvun lopusta muiden palveluksessa alalla ty\u00f6skennelty\u00e4mme tarjoutui tilaisuus ostaa asennustoiminta silloiselta\u00a0 ty\u00f6nantajalta omiin nimiin kev\u00e4\u00e4ll\u00e4 2003. Hetken mietiskelyn j\u00e4lkeen syntyi SatComp. Perusideamme on tarjota nopeaa palvelua yksityis- taloyhti\u00f6- ja yritysasiakkaille. Pakettiautossa mukana kulkevan varaston ansiosta voimme korjata 95% vioista ensimm\u00e4isell\u00e4 &hellip;<\/p>\n<p class=\"read-more\"> <a class=\"\" href=\"http:\/\/www.satcomp.fi\/?page_id=6\"> <span class=\"screen-reader-text\">Yritys<\/span> Read More &raquo;<\/a><\/p>\n","protected":false},"author":1,"featured_media":0,"parent":0,"menu_order":0,"comment_status":"closed","ping_status":"closed","template":"full-width-page.php","meta":[],"_links":{"self":[{"href":"http:\/\/www.satcomp.fi\/index.php?rest_route=\/wp\/v2\/pages\/6"}],"collection":[{"href":"http:\/\/www.satcomp.fi\/index.php?rest_route=\/wp\/v2\/pages"}],"about":[{"href":"http:\/\/www.satcomp.fi\/index.php?rest_route=\/wp\/v2\/types\/page"}],"author":[{"embeddable":true,"href":"http:\/\/www.satcomp.fi\/index.php?rest_route=\/wp\/v2\/users\/1"}],"replies":[{"embeddable":true,"href":"http:\/\/www.satcomp.fi\/index.php?rest_route=%2Fwp%2Fv2%2Fcomments&post=6"}],"version-history":[{"count":4,"href":"http:\/\/www.satcomp.fi\/index.php?rest_route=\/wp\/v2\/pages\/6\/revisions"}],"predecessor-version":[{"id":227,"href":"http:\/\/www.satcomp.fi\/index.php?rest_route=\/wp\/v2\/pages\/6\/revisions\/227"}],"wp:attachment":[{"href":"http:\/\/www.satcomp.fi\/index.php?rest_route=%2Fwp%2Fv2%2Fmedia&parent=6"}],"curies":[{"name":"wp","href":"https:\/\/api.w.org\/{rel}","templated":true}]}}