{"id":8,"date":"2014-01-12T12:29:19","date_gmt":"2014-01-12T12:29:19","guid":{"rendered":"http:\/\/www.satcomp.fi\/?page_id=8"},"modified":"2018-03-27T12:15:23","modified_gmt":"2018-03-27T12:15:23","slug":"yhteystiedot","status":"publish","type":"page","link":"http:\/\/www.satcomp.fi\/?page_id=8","title":{"rendered":"Yhteystiedot"},"content":{"rendered":"<p>Mail: <a href=\"mailto:%6B%65%6E%6E%65%74%68%2E%64%61%6E%6E%62%65%72%67%40%73%61%74%63%6F%6D%70%2E%66%69\">Kenneth Dannberg<\/a><\/p>\n<p>Gsm: 050 548 8589 \u00a0 \u00a0 8-17 arkisin, vardagar, weekdays<\/p>\n<p>Y-tunnus: 1827361-3, kotipaikka Kirkkonummi<\/p>\n<p>Huomioithan, ettei meill\u00e4 ole henkil\u00f6kuntaa istumassa s\u00e4hk\u00f6postia vahtimassa, eli kiireelliset yhteydenotot suositellaan aina puhelimitse tai tekstiviestill\u00e4!<\/p>\n<p>V\u00e4nligen m\u00e4rk att vi inte har personal vid datorn v\u00e4ntande p\u00e5 epost, vid br\u00e5dskande tillf\u00e4llen rekomenderar vi kontakt via telefon eller SMS.<\/p>\n<p>Please note, we don&#8217;t have personnel by the computer waiting for emails to arrive, in urgent matters we highly recommend contact by phone or SMS.<\/p>\n<p>&nbsp;<\/p>\n<div role=\"form\" class=\"wpcf7\" id=\"wpcf7-f36-o1\" lang=\"en-US\" dir=\"ltr\">\n<div class=\"screen-reader-response\"><\/div>\n<form action=\"\/index.php?rest_route=%2Fwp%2Fv2%2Fpages%2F8#wpcf7-f36-o1\" method=\"post\" class=\"wpcf7-form\" novalidate=\"novalidate\">\n<div style=\"display: none;\">\n<input type=\"hidden\" name=\"_wpcf7\" value=\"36\" \/>\n<input type=\"hidden\" name=\"_wpcf7_version\" value=\"5.1.6\" \/>\n<input type=\"hidden\" name=\"_wpcf7_locale\" value=\"en_US\" \/>\n<input type=\"hidden\" name=\"_wpcf7_unit_tag\" value=\"wpcf7-f36-o1\" \/>\n<input type=\"hidden\" name=\"_wpcf7_container_post\" value=\"0\" \/>\n<\/div>\n<p>Your Name (required)<br \/>\n    <span class=\"wpcf7-form-control-wrap your-name\"><input type=\"text\" name=\"your-name\" value=\"\" size=\"40\" class=\"wpcf7-form-control wpcf7-text wpcf7-validates-as-required\" aria-required=\"true\" aria-invalid=\"false\" \/><\/span> <\/p>\n<p>Your Email (required)<br \/>\n    <span class=\"wpcf7-form-control-wrap your-email\"><input type=\"email\" name=\"your-email\" value=\"\" size=\"40\" class=\"wpcf7-form-control wpcf7-text wpcf7-email wpcf7-validates-as-required wpcf7-validates-as-email\" aria-required=\"true\" aria-invalid=\"false\" \/><\/span> <\/p>\n<p>Your Phone number(required)<br \/>\n    <span class=\"wpcf7-form-control-wrap tel-358\"><input type=\"tel\" name=\"tel-358\" value=\"\" size=\"40\" class=\"wpcf7-form-control wpcf7-text wpcf7-tel wpcf7-validates-as-required wpcf7-validates-as-tel\" aria-required=\"true\" aria-invalid=\"false\" \/><\/span> <\/p>\n<p>Subject<br \/>\n    <span class=\"wpcf7-form-control-wrap your-subject\"><input type=\"text\" name=\"your-subject\" value=\"\" size=\"40\" class=\"wpcf7-form-control wpcf7-text\" aria-invalid=\"false\" \/><\/span> <\/p>\n<p>Your Message<br \/>\n    <span class=\"wpcf7-form-control-wrap your-message\"><textarea name=\"your-message\" cols=\"40\" rows=\"10\" class=\"wpcf7-form-control wpcf7-textarea\" aria-invalid=\"false\"><\/textarea><\/span> <\/p>\n<p><input type=\"submit\" value=\"Send\" class=\"wpcf7-form-control wpcf7-submit\" \/><\/p>\n<div class=\"wpcf7-response-output wpcf7-display-none\"><\/div><\/form><\/div>\n","protected":false},"excerpt":{"rendered":"<p>Mail: Kenneth Dannberg Gsm: 050 548 8589 \u00a0 \u00a0 8-17 arkisin, vardagar, weekdays Y-tunnus: 1827361-3, kotipaikka Kirkkonummi Huomioithan, ettei meill\u00e4 ole henkil\u00f6kuntaa istumassa s\u00e4hk\u00f6postia vahtimassa, eli kiireelliset yhteydenotot suositellaan aina puhelimitse tai tekstiviestill\u00e4! V\u00e4nligen m\u00e4rk att vi inte har personal &hellip;<\/p>\n<p class=\"read-more\"> <a class=\"\" href=\"http:\/\/www.satcomp.fi\/?page_id=8\"> <span class=\"screen-reader-text\">Yhteystiedot<\/span> Read More &raquo;<\/a><\/p>\n","protected":false},"author":1,"featured_media":0,"parent":0,"menu_order":0,"comment_status":"closed","ping_status":"closed","template":"full-width-page.php","meta":[],"_links":{"self":[{"href":"http:\/\/www.satcomp.fi\/index.php?rest_route=\/wp\/v2\/pages\/8"}],"collection":[{"href":"http:\/\/www.satcomp.fi\/index.php?rest_route=\/wp\/v2\/pages"}],"about":[{"href":"http:\/\/www.satcomp.fi\/index.php?rest_route=\/wp\/v2\/types\/page"}],"author":[{"embeddable":true,"href":"http:\/\/www.satcomp.fi\/index.php?rest_route=\/wp\/v2\/users\/1"}],"replies":[{"embeddable":true,"href":"http:\/\/www.satcomp.fi\/index.php?rest_route=%2Fwp%2Fv2%2Fcomments&post=8"}],"version-history":[{"count":15,"href":"http:\/\/www.satcomp.fi\/index.php?rest_route=\/wp\/v2\/pages\/8\/revisions"}],"predecessor-version":[{"id":178,"href":"http:\/\/www.satcomp.fi\/index.php?rest_route=\/wp\/v2\/pages\/8\/revisions\/178"}],"wp:attachment":[{"href":"http:\/\/www.satcomp.fi\/index.php?rest_route=%2Fwp%2Fv2%2Fmedia&parent=8"}],"curies":[{"name":"wp","href":"https:\/\/api.w.org\/{rel}","templated":true}]}}